{"id":989,"date":"2025-01-07T09:38:07","date_gmt":"2025-01-07T14:38:07","guid":{"rendered":"https:\/\/andreaferberart.com\/?page_id=989"},"modified":"2025-02-28T16:03:10","modified_gmt":"2025-02-28T21:03:10","slug":"andrea-ferbers-portfolio-explore-a-world-of-the-intangible","status":"publish","type":"page","link":"https:\/\/andreaferberart.com\/en\/andrea-ferbers-portfolio-explore-a-world-of-the-intangible\/","title":{"rendered":"Andrea Ferber&#8217;s Portfolio: Explore A World Of The Intangible"},"content":{"rendered":"<div data-elementor-type=\"wp-page\" data-elementor-id=\"989\" class=\"elementor elementor-989\">\n\t\t\t\t<div class=\"elementor-element elementor-element-5ee18375 e-flex e-con-boxed e-con e-parent\" data-id=\"5ee18375\" data-element_type=\"container\">\n\t\t\t\t\t<div class=\"e-con-inner\">\n\t\t\t\t<div class=\"elementor-element elementor-element-6301cf4c elementor-widget elementor-widget-spacer\" data-id=\"6301cf4c\" data-element_type=\"widget\" data-widget_type=\"spacer.default\">\n\t\t\t\t<div class=\"elementor-widget-container\">\n\t\t\t\t\t\t\t<div class=\"elementor-spacer\">\n\t\t\t<div class=\"elementor-spacer-inner\"><\/div>\n\t\t<\/div>\n\t\t\t\t\t\t<\/div>\n\t\t\t\t<\/div>\n\t\t\t\t\t<\/div>\n\t\t\t\t<\/div>\n\t\t<div class=\"elementor-element elementor-element-350af22c e-flex e-con-boxed e-con e-parent\" data-id=\"350af22c\" data-element_type=\"container\">\n\t\t\t\t\t<div class=\"e-con-inner\">\n\t\t\t\t<div class=\"elementor-element elementor-element-39c977b1 elementor-widget elementor-widget-heading\" data-id=\"39c977b1\" data-element_type=\"widget\" data-widget_type=\"heading.default\">\n\t\t\t\t<div class=\"elementor-widget-container\">\n\t\t\t\t\t<h1 class=\"elementor-heading-title elementor-size-default\">PORTFOLIO<\/h1>\t\t\t\t<\/div>\n\t\t\t\t<\/div>\n\t\t\t\t\t<\/div>\n\t\t\t\t<\/div>\n\t\t<div class=\"elementor-element elementor-element-7760dc3c e-flex e-con-boxed e-con e-parent\" data-id=\"7760dc3c\" data-element_type=\"container\">\n\t\t\t\t\t<div class=\"e-con-inner\">\n\t\t\t\t<div class=\"elementor-element elementor-element-4fbbd814 elementor-widget elementor-widget-spacer\" data-id=\"4fbbd814\" data-element_type=\"widget\" data-widget_type=\"spacer.default\">\n\t\t\t\t<div class=\"elementor-widget-container\">\n\t\t\t\t\t\t\t<div class=\"elementor-spacer\">\n\t\t\t<div class=\"elementor-spacer-inner\"><\/div>\n\t\t<\/div>\n\t\t\t\t\t\t<\/div>\n\t\t\t\t<\/div>\n\t\t\t\t\t<\/div>\n\t\t\t\t<\/div>\n\t\t<div class=\"elementor-element elementor-element-5ea2119d e-con-full e-flex e-con e-parent\" data-id=\"5ea2119d\" data-element_type=\"container\">\n\t\t\t\t<div class=\"elementor-element elementor-element-7590948f elementor-widget elementor-widget-text-editor\" data-id=\"7590948f\" data-element_type=\"widget\" data-widget_type=\"text-editor.default\">\n\t\t\t\t<div class=\"elementor-widget-container\">\n\t\t\t\t\t\t\t\t\t<p>Welcome to Andrea Ferber's 2025 collection of works.<\/p><p>A body of work inspired by the intangible where the human essence is explored through movement and color.<\/p>\t\t\t\t\t\t\t\t<\/div>\n\t\t\t\t<\/div>\n\t\t\t\t<\/div>\n\t\t<div class=\"elementor-element elementor-element-16347dd5 e-flex e-con-boxed e-con e-parent\" data-id=\"16347dd5\" data-element_type=\"container\">\n\t\t\t\t\t<div class=\"e-con-inner\">\n\t\t\t\t<div class=\"elementor-element elementor-element-3a915e17 elementor-widget elementor-widget-spacer\" data-id=\"3a915e17\" data-element_type=\"widget\" data-widget_type=\"spacer.default\">\n\t\t\t\t<div class=\"elementor-widget-container\">\n\t\t\t\t\t\t\t<div class=\"elementor-spacer\">\n\t\t\t<div class=\"elementor-spacer-inner\"><\/div>\n\t\t<\/div>\n\t\t\t\t\t\t<\/div>\n\t\t\t\t<\/div>\n\t\t\t\t\t<\/div>\n\t\t\t\t<\/div>\n\t\t<div class=\"elementor-element elementor-element-c2534a4 e-flex e-con-boxed e-con e-parent\" data-id=\"c2534a4\" data-element_type=\"container\">\n\t\t\t\t\t<div class=\"e-con-inner\">\n\t\t\t\t<div class=\"elementor-element elementor-element-4808fec elementor-widget elementor-widget-image\" data-id=\"4808fec\" data-element_type=\"widget\" data-widget_type=\"image.default\">\n\t\t\t\t<div class=\"elementor-widget-container\">\n\t\t\t\t\t\t\t\t\t\t\t\t\t\t\t<img fetchpriority=\"high\" decoding=\"async\" width=\"800\" height=\"800\" src=\"https:\/\/andreaferberart.com\/wp-content\/uploads\/2025\/02\/Susurros-del-corazon-I-2025-1024x1024.webp\" class=\"attachment-large size-large wp-image-1057\" alt=\"\" srcset=\"https:\/\/andreaferberart.com\/wp-content\/uploads\/2025\/02\/Susurros-del-corazon-I-2025-1024x1024.webp 1024w, https:\/\/andreaferberart.com\/wp-content\/uploads\/2025\/02\/Susurros-del-corazon-I-2025-300x300.webp 300w, https:\/\/andreaferberart.com\/wp-content\/uploads\/2025\/02\/Susurros-del-corazon-I-2025-150x150.jpg 150w, https:\/\/andreaferberart.com\/wp-content\/uploads\/2025\/02\/Susurros-del-corazon-I-2025-768x769.jpg 768w, https:\/\/andreaferberart.com\/wp-content\/uploads\/2025\/02\/Susurros-del-corazon-I-2025-12x12.jpg 12w, https:\/\/andreaferberart.com\/wp-content\/uploads\/2025\/02\/Susurros-del-corazon-I-2025-24x24.jpg 24w, https:\/\/andreaferberart.com\/wp-content\/uploads\/2025\/02\/Susurros-del-corazon-I-2025-36x36.jpg 36w, https:\/\/andreaferberart.com\/wp-content\/uploads\/2025\/02\/Susurros-del-corazon-I-2025-48x48.jpg 48w, https:\/\/andreaferberart.com\/wp-content\/uploads\/2025\/02\/Susurros-del-corazon-I-2025.webp 1080w\" sizes=\"(max-width: 800px) 100vw, 800px\" \/>\t\t\t\t\t\t\t\t\t\t\t\t\t\t\t<\/div>\n\t\t\t\t<\/div>\n\t\t\t\t\t<\/div>\n\t\t\t\t<\/div>\n\t\t<div class=\"elementor-element elementor-element-db54f78 e-con-full e-flex e-con e-parent\" data-id=\"db54f78\" data-element_type=\"container\">\n\t\t\t\t<div class=\"elementor-element elementor-element-ba716e1 elementor-widget elementor-widget-text-editor\" data-id=\"ba716e1\" data-element_type=\"widget\" data-widget_type=\"text-editor.default\">\n\t\t\t\t<div class=\"elementor-widget-container\">\n\t\t\t\t\t\t\t\t\t<p>Susurros del Coraz\u00f3n I<\/p><p>80&#215;100 cm<\/p><p>Acrilyc and pastels on canvas<\/p><p><em>Collection: Emotional Contemplations<\/em><\/p>\t\t\t\t\t\t\t\t<\/div>\n\t\t\t\t<\/div>\n\t\t\t\t<\/div>\n\t\t<div class=\"elementor-element elementor-element-057dc8c e-flex e-con-boxed e-con e-parent\" data-id=\"057dc8c\" data-element_type=\"container\">\n\t\t\t\t\t<div class=\"e-con-inner\">\n\t\t\t\t<div class=\"elementor-element elementor-element-5fa9370 elementor-widget elementor-widget-spacer\" data-id=\"5fa9370\" data-element_type=\"widget\" data-widget_type=\"spacer.default\">\n\t\t\t\t<div class=\"elementor-widget-container\">\n\t\t\t\t\t\t\t<div class=\"elementor-spacer\">\n\t\t\t<div class=\"elementor-spacer-inner\"><\/div>\n\t\t<\/div>\n\t\t\t\t\t\t<\/div>\n\t\t\t\t<\/div>\n\t\t\t\t\t<\/div>\n\t\t\t\t<\/div>\n\t\t<div class=\"elementor-element elementor-element-1b954fe e-flex e-con-boxed e-con e-parent\" data-id=\"1b954fe\" data-element_type=\"container\">\n\t\t\t\t\t<div class=\"e-con-inner\">\n\t\t\t\t<div class=\"elementor-element elementor-element-35f8dad elementor-widget elementor-widget-image\" data-id=\"35f8dad\" data-element_type=\"widget\" data-widget_type=\"image.default\">\n\t\t\t\t<div class=\"elementor-widget-container\">\n\t\t\t\t\t\t\t\t\t\t\t\t\t\t\t<img decoding=\"async\" width=\"800\" height=\"800\" src=\"https:\/\/andreaferberart.com\/wp-content\/uploads\/2025\/02\/Susurros-del-corazon-II-2025-1024x1024.jpg\" class=\"attachment-large size-large wp-image-1059\" alt=\"\" srcset=\"https:\/\/andreaferberart.com\/wp-content\/uploads\/2025\/02\/Susurros-del-corazon-II-2025-1024x1024.jpg 1024w, https:\/\/andreaferberart.com\/wp-content\/uploads\/2025\/02\/Susurros-del-corazon-II-2025-300x300.jpg 300w, https:\/\/andreaferberart.com\/wp-content\/uploads\/2025\/02\/Susurros-del-corazon-II-2025-150x150.jpg 150w, https:\/\/andreaferberart.com\/wp-content\/uploads\/2025\/02\/Susurros-del-corazon-II-2025-768x769.jpg 768w, https:\/\/andreaferberart.com\/wp-content\/uploads\/2025\/02\/Susurros-del-corazon-II-2025-12x12.jpg 12w, https:\/\/andreaferberart.com\/wp-content\/uploads\/2025\/02\/Susurros-del-corazon-II-2025-24x24.jpg 24w, https:\/\/andreaferberart.com\/wp-content\/uploads\/2025\/02\/Susurros-del-corazon-II-2025-36x36.jpg 36w, https:\/\/andreaferberart.com\/wp-content\/uploads\/2025\/02\/Susurros-del-corazon-II-2025-48x48.jpg 48w, https:\/\/andreaferberart.com\/wp-content\/uploads\/2025\/02\/Susurros-del-corazon-II-2025.jpg 1080w\" sizes=\"(max-width: 800px) 100vw, 800px\" \/>\t\t\t\t\t\t\t\t\t\t\t\t\t\t\t<\/div>\n\t\t\t\t<\/div>\n\t\t\t\t\t<\/div>\n\t\t\t\t<\/div>\n\t\t<div class=\"elementor-element elementor-element-e297c37 e-con-full e-flex e-con e-parent\" data-id=\"e297c37\" data-element_type=\"container\">\n\t\t\t\t<div class=\"elementor-element elementor-element-1a40252 elementor-widget elementor-widget-text-editor\" data-id=\"1a40252\" data-element_type=\"widget\" data-widget_type=\"text-editor.default\">\n\t\t\t\t<div class=\"elementor-widget-container\">\n\t\t\t\t\t\t\t\t\t<p>Susurros del Coraz\u00f3n II<\/p><p>80&#215;100 cm<\/p><p>Acrilyc and pastels on canvas<\/p><p><em>Collection: Emotional Contemplations<\/em><\/p>\t\t\t\t\t\t\t\t<\/div>\n\t\t\t\t<\/div>\n\t\t\t\t<\/div>\n\t\t<div class=\"elementor-element elementor-element-c300f2f e-flex e-con-boxed e-con e-parent\" data-id=\"c300f2f\" data-element_type=\"container\">\n\t\t\t\t\t<div class=\"e-con-inner\">\n\t\t\t\t<div class=\"elementor-element elementor-element-f6e901a elementor-widget elementor-widget-spacer\" data-id=\"f6e901a\" data-element_type=\"widget\" data-widget_type=\"spacer.default\">\n\t\t\t\t<div class=\"elementor-widget-container\">\n\t\t\t\t\t\t\t<div class=\"elementor-spacer\">\n\t\t\t<div class=\"elementor-spacer-inner\"><\/div>\n\t\t<\/div>\n\t\t\t\t\t\t<\/div>\n\t\t\t\t<\/div>\n\t\t\t\t\t<\/div>\n\t\t\t\t<\/div>\n\t\t<div class=\"elementor-element elementor-element-523f488 e-flex e-con-boxed e-con e-parent\" data-id=\"523f488\" data-element_type=\"container\">\n\t\t\t\t\t<div class=\"e-con-inner\">\n\t\t\t\t<div class=\"elementor-element elementor-element-90a4d5c elementor-widget elementor-widget-image\" data-id=\"90a4d5c\" data-element_type=\"widget\" data-widget_type=\"image.default\">\n\t\t\t\t<div class=\"elementor-widget-container\">\n\t\t\t\t\t\t\t\t\t\t\t\t\t\t\t<img decoding=\"async\" width=\"800\" height=\"800\" src=\"https:\/\/andreaferberart.com\/wp-content\/uploads\/2025\/02\/Susurros-del-corazon-III-2025-1024x1024.jpg\" class=\"attachment-large size-large wp-image-1060\" alt=\"Susurros del coraz\u00f3n III, 2025 Andrea Ferber\" srcset=\"https:\/\/andreaferberart.com\/wp-content\/uploads\/2025\/02\/Susurros-del-corazon-III-2025-1024x1024.jpg 1024w, https:\/\/andreaferberart.com\/wp-content\/uploads\/2025\/02\/Susurros-del-corazon-III-2025-300x300.jpg 300w, https:\/\/andreaferberart.com\/wp-content\/uploads\/2025\/02\/Susurros-del-corazon-III-2025-150x150.jpg 150w, https:\/\/andreaferberart.com\/wp-content\/uploads\/2025\/02\/Susurros-del-corazon-III-2025-768x769.jpg 768w, https:\/\/andreaferberart.com\/wp-content\/uploads\/2025\/02\/Susurros-del-corazon-III-2025-12x12.jpg 12w, https:\/\/andreaferberart.com\/wp-content\/uploads\/2025\/02\/Susurros-del-corazon-III-2025-24x24.jpg 24w, https:\/\/andreaferberart.com\/wp-content\/uploads\/2025\/02\/Susurros-del-corazon-III-2025-36x36.jpg 36w, https:\/\/andreaferberart.com\/wp-content\/uploads\/2025\/02\/Susurros-del-corazon-III-2025-48x48.jpg 48w, https:\/\/andreaferberart.com\/wp-content\/uploads\/2025\/02\/Susurros-del-corazon-III-2025.webp 1080w\" sizes=\"(max-width: 800px) 100vw, 800px\" \/>\t\t\t\t\t\t\t\t\t\t\t\t\t\t\t<\/div>\n\t\t\t\t<\/div>\n\t\t\t\t\t<\/div>\n\t\t\t\t<\/div>\n\t\t<div class=\"elementor-element elementor-element-2e3a218 e-con-full e-flex e-con e-parent\" data-id=\"2e3a218\" data-element_type=\"container\">\n\t\t\t\t<div class=\"elementor-element elementor-element-3f32fbc elementor-widget elementor-widget-text-editor\" data-id=\"3f32fbc\" data-element_type=\"widget\" data-widget_type=\"text-editor.default\">\n\t\t\t\t<div class=\"elementor-widget-container\">\n\t\t\t\t\t\t\t\t\t<p>Susurros del Coraz\u00f3n III<\/p><p>80&#215;100 cm<\/p><p>Acrilyc and pastels on canvas<\/p><p><em>Collection: Emotional Contemplations<\/em><\/p>\t\t\t\t\t\t\t\t<\/div>\n\t\t\t\t<\/div>\n\t\t\t\t<\/div>\n\t\t<div class=\"elementor-element elementor-element-e5602f0 e-flex e-con-boxed e-con e-parent\" data-id=\"e5602f0\" data-element_type=\"container\">\n\t\t\t\t\t<div class=\"e-con-inner\">\n\t\t\t\t<div class=\"elementor-element elementor-element-319fcf1 elementor-widget elementor-widget-spacer\" data-id=\"319fcf1\" data-element_type=\"widget\" data-widget_type=\"spacer.default\">\n\t\t\t\t<div class=\"elementor-widget-container\">\n\t\t\t\t\t\t\t<div class=\"elementor-spacer\">\n\t\t\t<div class=\"elementor-spacer-inner\"><\/div>\n\t\t<\/div>\n\t\t\t\t\t\t<\/div>\n\t\t\t\t<\/div>\n\t\t\t\t\t<\/div>\n\t\t\t\t<\/div>\n\t\t<div class=\"elementor-element elementor-element-32826bb e-flex e-con-boxed e-con e-parent\" data-id=\"32826bb\" data-element_type=\"container\">\n\t\t\t\t\t<div class=\"e-con-inner\">\n\t\t\t\t<div class=\"elementor-element elementor-element-f12526d elementor-widget elementor-widget-image\" data-id=\"f12526d\" data-element_type=\"widget\" data-widget_type=\"image.default\">\n\t\t\t\t<div class=\"elementor-widget-container\">\n\t\t\t\t\t\t\t\t\t\t\t\t\t\t\t<img loading=\"lazy\" decoding=\"async\" width=\"800\" height=\"800\" src=\"https:\/\/andreaferberart.com\/wp-content\/uploads\/2025\/01\/Green-1-2025-1024x1024.webp\" class=\"attachment-large size-large wp-image-1030\" alt=\"\" srcset=\"https:\/\/andreaferberart.com\/wp-content\/uploads\/2025\/01\/Green-1-2025-1024x1024.webp 1024w, https:\/\/andreaferberart.com\/wp-content\/uploads\/2025\/01\/Green-1-2025-300x300.webp 300w, https:\/\/andreaferberart.com\/wp-content\/uploads\/2025\/01\/Green-1-2025-150x150.webp 150w, https:\/\/andreaferberart.com\/wp-content\/uploads\/2025\/01\/Green-1-2025-768x769.jpg 768w, https:\/\/andreaferberart.com\/wp-content\/uploads\/2025\/01\/Green-1-2025-12x12.jpg 12w, https:\/\/andreaferberart.com\/wp-content\/uploads\/2025\/01\/Green-1-2025-24x24.jpg 24w, https:\/\/andreaferberart.com\/wp-content\/uploads\/2025\/01\/Green-1-2025-36x36.jpg 36w, https:\/\/andreaferberart.com\/wp-content\/uploads\/2025\/01\/Green-1-2025-48x48.jpg 48w, https:\/\/andreaferberart.com\/wp-content\/uploads\/2025\/01\/Green-1-2025.webp 1080w\" sizes=\"(max-width: 800px) 100vw, 800px\" \/>\t\t\t\t\t\t\t\t\t\t\t\t\t\t\t<\/div>\n\t\t\t\t<\/div>\n\t\t\t\t\t<\/div>\n\t\t\t\t<\/div>\n\t\t<div class=\"elementor-element elementor-element-85d783c e-con-full e-flex e-con e-parent\" data-id=\"85d783c\" data-element_type=\"container\">\n\t\t\t\t<div class=\"elementor-element elementor-element-7ba6fed elementor-widget elementor-widget-text-editor\" data-id=\"7ba6fed\" data-element_type=\"widget\" data-widget_type=\"text-editor.default\">\n\t\t\t\t<div class=\"elementor-widget-container\">\n\t\t\t\t\t\t\t\t\t<p><strong><em>Between everything and nothing I<\/em><\/strong><\/p><p>80&#215;100 cm<\/p><p>Acrilyc and pastels on canvas<\/p><p><em>Collection: Emotional Contemplations<\/em><\/p>\t\t\t\t\t\t\t\t<\/div>\n\t\t\t\t<\/div>\n\t\t\t\t<\/div>\n\t\t<div class=\"elementor-element elementor-element-f330d5a e-flex e-con-boxed e-con e-parent\" data-id=\"f330d5a\" data-element_type=\"container\">\n\t\t\t\t\t<div class=\"e-con-inner\">\n\t\t\t\t<div class=\"elementor-element elementor-element-7de9d3a elementor-widget elementor-widget-spacer\" data-id=\"7de9d3a\" data-element_type=\"widget\" data-widget_type=\"spacer.default\">\n\t\t\t\t<div class=\"elementor-widget-container\">\n\t\t\t\t\t\t\t<div class=\"elementor-spacer\">\n\t\t\t<div class=\"elementor-spacer-inner\"><\/div>\n\t\t<\/div>\n\t\t\t\t\t\t<\/div>\n\t\t\t\t<\/div>\n\t\t\t\t\t<\/div>\n\t\t\t\t<\/div>\n\t\t<div class=\"elementor-element elementor-element-c875cfb e-flex e-con-boxed e-con e-parent\" data-id=\"c875cfb\" data-element_type=\"container\">\n\t\t\t\t\t<div class=\"e-con-inner\">\n\t\t\t\t<div class=\"elementor-element elementor-element-d02a06e elementor-widget elementor-widget-image\" data-id=\"d02a06e\" data-element_type=\"widget\" data-widget_type=\"image.default\">\n\t\t\t\t<div class=\"elementor-widget-container\">\n\t\t\t\t\t\t\t\t\t\t\t\t\t\t\t<img loading=\"lazy\" decoding=\"async\" width=\"800\" height=\"800\" src=\"https:\/\/andreaferberart.com\/wp-content\/uploads\/2025\/01\/Green-2-2025-1024x1024.jpg\" class=\"attachment-large size-large wp-image-1031\" alt=\"\" srcset=\"https:\/\/andreaferberart.com\/wp-content\/uploads\/2025\/01\/Green-2-2025-1024x1024.jpg 1024w, https:\/\/andreaferberart.com\/wp-content\/uploads\/2025\/01\/Green-2-2025-300x300.webp 300w, https:\/\/andreaferberart.com\/wp-content\/uploads\/2025\/01\/Green-2-2025-150x150.jpg 150w, https:\/\/andreaferberart.com\/wp-content\/uploads\/2025\/01\/Green-2-2025-768x769.jpg 768w, https:\/\/andreaferberart.com\/wp-content\/uploads\/2025\/01\/Green-2-2025-12x12.jpg 12w, https:\/\/andreaferberart.com\/wp-content\/uploads\/2025\/01\/Green-2-2025-24x24.jpg 24w, https:\/\/andreaferberart.com\/wp-content\/uploads\/2025\/01\/Green-2-2025-36x36.jpg 36w, https:\/\/andreaferberart.com\/wp-content\/uploads\/2025\/01\/Green-2-2025-48x48.jpg 48w, https:\/\/andreaferberart.com\/wp-content\/uploads\/2025\/01\/Green-2-2025.webp 1080w\" sizes=\"(max-width: 800px) 100vw, 800px\" \/>\t\t\t\t\t\t\t\t\t\t\t\t\t\t\t<\/div>\n\t\t\t\t<\/div>\n\t\t\t\t\t<\/div>\n\t\t\t\t<\/div>\n\t\t<div class=\"elementor-element elementor-element-3785bbd e-con-full e-flex e-con e-parent\" data-id=\"3785bbd\" data-element_type=\"container\">\n\t\t\t\t<div class=\"elementor-element elementor-element-94b9275 elementor-widget elementor-widget-text-editor\" data-id=\"94b9275\" data-element_type=\"widget\" data-widget_type=\"text-editor.default\">\n\t\t\t\t<div class=\"elementor-widget-container\">\n\t\t\t\t\t\t\t\t\t<p><strong><em>Between everything and nothing II<\/em><\/strong><\/p><p>80&#215;100 cm<\/p><p>Acrilyc and pastels on canvas<\/p><p><em>Collection: Emotional Contemplations<\/em><\/p>\t\t\t\t\t\t\t\t<\/div>\n\t\t\t\t<\/div>\n\t\t\t\t<\/div>\n\t\t<div class=\"elementor-element elementor-element-e256ec8 e-flex e-con-boxed e-con e-parent\" data-id=\"e256ec8\" data-element_type=\"container\">\n\t\t\t\t\t<div class=\"e-con-inner\">\n\t\t\t\t<div class=\"elementor-element elementor-element-a0cb3ee elementor-widget elementor-widget-spacer\" data-id=\"a0cb3ee\" data-element_type=\"widget\" data-widget_type=\"spacer.default\">\n\t\t\t\t<div class=\"elementor-widget-container\">\n\t\t\t\t\t\t\t<div class=\"elementor-spacer\">\n\t\t\t<div class=\"elementor-spacer-inner\"><\/div>\n\t\t<\/div>\n\t\t\t\t\t\t<\/div>\n\t\t\t\t<\/div>\n\t\t\t\t\t<\/div>\n\t\t\t\t<\/div>\n\t\t<div class=\"elementor-element elementor-element-6d1afd1c e-flex e-con-boxed e-con e-parent\" data-id=\"6d1afd1c\" data-element_type=\"container\">\n\t\t\t\t\t<div class=\"e-con-inner\">\n\t\t\t\t<div class=\"elementor-element elementor-element-3d521da6 elementor-widget elementor-widget-image\" data-id=\"3d521da6\" data-element_type=\"widget\" data-widget_type=\"image.default\">\n\t\t\t\t<div class=\"elementor-widget-container\">\n\t\t\t\t\t\t\t\t\t\t\t\t\t\t\t<img loading=\"lazy\" decoding=\"async\" width=\"800\" height=\"648\" src=\"https:\/\/andreaferberart.com\/wp-content\/uploads\/2025\/01\/Bajo-la-niebla-de-mis-pensamientos-2024-e1736259733566-1024x829.webp\" class=\"attachment-large size-large wp-image-991\" alt=\"Bajo la niebla de mis pensamientos, 2024\" srcset=\"https:\/\/andreaferberart.com\/wp-content\/uploads\/2025\/01\/Bajo-la-niebla-de-mis-pensamientos-2024-e1736259733566-1024x829.webp 1024w, https:\/\/andreaferberart.com\/wp-content\/uploads\/2025\/01\/Bajo-la-niebla-de-mis-pensamientos-2024-e1736259733566-300x243.webp 300w, https:\/\/andreaferberart.com\/wp-content\/uploads\/2025\/01\/Bajo-la-niebla-de-mis-pensamientos-2024-e1736259733566-768x621.jpg 768w, https:\/\/andreaferberart.com\/wp-content\/uploads\/2025\/01\/Bajo-la-niebla-de-mis-pensamientos-2024-e1736259733566-15x12.jpg 15w, https:\/\/andreaferberart.com\/wp-content\/uploads\/2025\/01\/Bajo-la-niebla-de-mis-pensamientos-2024-e1736259733566-24x19.jpg 24w, https:\/\/andreaferberart.com\/wp-content\/uploads\/2025\/01\/Bajo-la-niebla-de-mis-pensamientos-2024-e1736259733566-36x29.jpg 36w, https:\/\/andreaferberart.com\/wp-content\/uploads\/2025\/01\/Bajo-la-niebla-de-mis-pensamientos-2024-e1736259733566-48x39.jpg 48w, https:\/\/andreaferberart.com\/wp-content\/uploads\/2025\/01\/Bajo-la-niebla-de-mis-pensamientos-2024-e1736259733566.webp 1079w\" sizes=\"(max-width: 800px) 100vw, 800px\" \/>\t\t\t\t\t\t\t\t\t\t\t\t\t\t\t<\/div>\n\t\t\t\t<\/div>\n\t\t\t\t\t<\/div>\n\t\t\t\t<\/div>\n\t\t<div class=\"elementor-element elementor-element-bd2d502 e-con-full e-flex e-con e-parent\" data-id=\"bd2d502\" data-element_type=\"container\">\n\t\t\t\t<div class=\"elementor-element elementor-element-1272bce elementor-widget elementor-widget-text-editor\" data-id=\"1272bce\" data-element_type=\"widget\" data-widget_type=\"text-editor.default\">\n\t\t\t\t<div class=\"elementor-widget-container\">\n\t\t\t\t\t\t\t\t\t<p><strong><em>Under the fog of my thoughts<\/em><\/strong><\/p><p>80&#215;100 cm<\/p><p>Acrilyc and pastels on canvas<\/p><p><em>Collection: Emotional Contemplations<\/em><\/p>\t\t\t\t\t\t\t\t<\/div>\n\t\t\t\t<\/div>\n\t\t\t\t<\/div>\n\t\t<div class=\"elementor-element elementor-element-287b41e e-flex e-con-boxed e-con e-parent\" data-id=\"287b41e\" data-element_type=\"container\">\n\t\t\t\t\t<div class=\"e-con-inner\">\n\t\t\t\t<div class=\"elementor-element elementor-element-9ab860d elementor-widget elementor-widget-spacer\" data-id=\"9ab860d\" data-element_type=\"widget\" data-widget_type=\"spacer.default\">\n\t\t\t\t<div class=\"elementor-widget-container\">\n\t\t\t\t\t\t\t<div class=\"elementor-spacer\">\n\t\t\t<div class=\"elementor-spacer-inner\"><\/div>\n\t\t<\/div>\n\t\t\t\t\t\t<\/div>\n\t\t\t\t<\/div>\n\t\t\t\t\t<\/div>\n\t\t\t\t<\/div>\n\t\t<div class=\"elementor-element elementor-element-2a7c155 e-flex e-con-boxed e-con e-parent\" data-id=\"2a7c155\" data-element_type=\"container\">\n\t\t\t\t\t<div class=\"e-con-inner\">\n\t\t\t\t<div class=\"elementor-element elementor-element-db765ad elementor-widget elementor-widget-spacer\" data-id=\"db765ad\" data-element_type=\"widget\" data-widget_type=\"spacer.default\">\n\t\t\t\t<div class=\"elementor-widget-container\">\n\t\t\t\t\t\t\t<div class=\"elementor-spacer\">\n\t\t\t<div class=\"elementor-spacer-inner\"><\/div>\n\t\t<\/div>\n\t\t\t\t\t\t<\/div>\n\t\t\t\t<\/div>\n\t\t\t\t\t<\/div>\n\t\t\t\t<\/div>\n\t\t<div class=\"elementor-element elementor-element-e5ff118 e-flex e-con-boxed e-con e-parent\" data-id=\"e5ff118\" data-element_type=\"container\">\n\t\t\t\t\t<div class=\"e-con-inner\">\n\t\t\t\t<div class=\"elementor-element elementor-element-a494077 elementor-widget elementor-widget-spacer\" data-id=\"a494077\" data-element_type=\"widget\" data-widget_type=\"spacer.default\">\n\t\t\t\t<div class=\"elementor-widget-container\">\n\t\t\t\t\t\t\t<div class=\"elementor-spacer\">\n\t\t\t<div class=\"elementor-spacer-inner\"><\/div>\n\t\t<\/div>\n\t\t\t\t\t\t<\/div>\n\t\t\t\t<\/div>\n\t\t\t\t\t<\/div>\n\t\t\t\t<\/div>\n\t\t\t\t<\/div>","protected":false},"excerpt":{"rendered":"<p>PORTAFOLIO Bienvenido a la colecci\u00f3n de obras del 2025 de Andrea Ferber. Un cuerpo de trabajo inspirado en lo intangible en donde se explora la esencia humana a trav\u00e9s de movimiento y color. Susurros del Coraz\u00f3n I 80&#215;100 cm Acr\u00edlico y pasteles sobre lienzo Colecci\u00f3n: Contemplaciones Emocionales Susurros del Coraz\u00f3n II 80&#215;100 cm Acr\u00edlico y [&hellip;]<\/p>","protected":false},"author":1,"featured_media":0,"parent":0,"menu_order":0,"comment_status":"closed","ping_status":"closed","template":"elementor_header_footer","meta":{"om_disable_all_campaigns":false,"_monsterinsights_skip_tracking":false,"_monsterinsights_sitenote_active":false,"_monsterinsights_sitenote_note":"","_monsterinsights_sitenote_category":0,"_uf_show_specific_survey":0,"_uf_disable_surveys":false,"footnotes":""},"class_list":["post-989","page","type-page","status-publish","hentry"],"aioseo_notices":[],"_links":{"self":[{"href":"https:\/\/andreaferberart.com\/en\/wp-json\/wp\/v2\/pages\/989"}],"collection":[{"href":"https:\/\/andreaferberart.com\/en\/wp-json\/wp\/v2\/pages"}],"about":[{"href":"https:\/\/andreaferberart.com\/en\/wp-json\/wp\/v2\/types\/page"}],"author":[{"embeddable":true,"href":"https:\/\/andreaferberart.com\/en\/wp-json\/wp\/v2\/users\/1"}],"replies":[{"embeddable":true,"href":"https:\/\/andreaferberart.com\/en\/wp-json\/wp\/v2\/comments?post=989"}],"version-history":[{"count":38,"href":"https:\/\/andreaferberart.com\/en\/wp-json\/wp\/v2\/pages\/989\/revisions"}],"predecessor-version":[{"id":1064,"href":"https:\/\/andreaferberart.com\/en\/wp-json\/wp\/v2\/pages\/989\/revisions\/1064"}],"wp:attachment":[{"href":"https:\/\/andreaferberart.com\/en\/wp-json\/wp\/v2\/media?parent=989"}],"curies":[{"name":"wp","href":"https:\/\/api.w.org\/{rel}","templated":true}]}}